{"id":1674,"date":"2021-02-15T04:31:32","date_gmt":"2021-02-15T04:31:32","guid":{"rendered":"https:\/\/mibcon.es\/?page_id=1674"},"modified":"2021-11-30T08:45:03","modified_gmt":"2021-11-30T08:45:03","slug":"habitatges","status":"publish","type":"page","link":"https:\/\/mibcon.es\/?page_id=1674&lang=ca","title":{"rendered":"Habitatges"},"content":{"rendered":"\t\t<div data-elementor-type=\"wp-page\" data-elementor-id=\"1674\" class=\"elementor elementor-1674\" data-elementor-settings=\"[]\">\n\t\t\t\t\t\t<div class=\"elementor-inner\">\n\t\t\t\t\t\t\t<div class=\"elementor-section-wrap\">\n\t\t\t\t\t\t\t<section class=\"elementor-section elementor-top-section elementor-element elementor-element-cab6307 elementor-section-boxed elementor-section-height-default elementor-section-height-default\" data-id=\"cab6307\" data-element_type=\"section\">\n\t\t\t\t\t\t<div class=\"elementor-container elementor-column-gap-default\">\n\t\t\t\t\t\t\t<div class=\"elementor-row\">\n\t\t\t\t\t<div class=\"elementor-column elementor-col-100 elementor-top-column elementor-element elementor-element-b4200e2\" data-id=\"b4200e2\" data-element_type=\"column\">\n\t\t\t<div class=\"elementor-column-wrap elementor-element-populated\">\n\t\t\t\t\t\t\t<div class=\"elementor-widget-wrap\">\n\t\t\t\t\t\t<div class=\"elementor-element elementor-element-07ab66f elementor-hidden-phone elementor-invisible elementor-widget elementor-widget-heading\" data-id=\"07ab66f\" data-element_type=\"widget\" data-settings=\"{&quot;_animation&quot;:&quot;fadeInUp&quot;}\" data-widget_type=\"heading.default\">\n\t\t\t\t<div class=\"elementor-widget-container\">\n\t\t\t<h2 class=\"elementor-heading-title elementor-size-default\">Habitatges<\/h2>\t\t<\/div>\n\t\t\t\t<\/div>\n\t\t\t\t<div class=\"elementor-element elementor-element-2f194bf elementor-hidden-desktop elementor-hidden-tablet elementor-invisible elementor-widget elementor-widget-heading\" data-id=\"2f194bf\" data-element_type=\"widget\" data-settings=\"{&quot;_animation&quot;:&quot;fadeInUp&quot;}\" data-widget_type=\"heading.default\">\n\t\t\t\t<div class=\"elementor-widget-container\">\n\t\t\t<h2 class=\"elementor-heading-title elementor-size-default\">Habitatges<\/h2>\t\t<\/div>\n\t\t\t\t<\/div>\n\t\t\t\t<div class=\"elementor-element elementor-element-1c0d095 elementor-widget elementor-widget-text-editor\" data-id=\"1c0d095\" data-element_type=\"widget\" data-widget_type=\"text-editor.default\">\n\t\t\t\t<div class=\"elementor-widget-container\">\n\t\t\t\t\t<div class=\"elementor-text-editor elementor-clearfix\"><p>En aquest apartat hi trobem les actuacions realitzades principalment en habitatges de diferents tipologies. Tant de clients particulars, com\u00a0<span style=\"color: #333333;\">edificis plurifamiliars d&#8217;obra nova<\/span> gestionats per comunitats de propietaris. Les obres solen consistir en l&#8217;adaptaci\u00f3 de la distribuci\u00f3 existent segons les noves necessitats, el canvi de revestiments (principalment en banys i cuina), la substituci\u00f3 de fusteries interiors i exteriors i la realitzaci\u00f3 de noves instal\u00b7lacions el\u00e8ctriques, d&#8217;il\u00b7luminaci\u00f3, de lampisteria i de climatitzaci\u00f3.<br \/>L&#8217;alt nivell d&#8217;acabats \u00e9s un dels nostres valors de manera que cada vegada s\u00f3n m\u00e9s els clients que ens contracten.<\/p><\/div>\n\t\t\t\t<\/div>\n\t\t\t\t<\/div>\n\t\t\t\t<div class=\"elementor-element elementor-element-5b30028 elementor-grid-2 elementor-grid-tablet-2 elementor-grid-mobile-1 elementor-invisible elementor-widget elementor-widget-portfolio\" data-id=\"5b30028\" data-element_type=\"widget\" data-settings=\"{&quot;columns&quot;:&quot;2&quot;,&quot;item_ratio&quot;:{&quot;unit&quot;:&quot;px&quot;,&quot;size&quot;:0.6,&quot;sizes&quot;:[]},&quot;row_gap&quot;:{&quot;unit&quot;:&quot;px&quot;,&quot;size&quot;:10,&quot;sizes&quot;:[]},&quot;_animation&quot;:&quot;zoomIn&quot;,&quot;columns_tablet&quot;:&quot;2&quot;,&quot;columns_mobile&quot;:&quot;1&quot;,&quot;item_gap&quot;:{&quot;unit&quot;:&quot;px&quot;,&quot;size&quot;:&quot;&quot;,&quot;sizes&quot;:[]}}\" data-widget_type=\"portfolio.default\">\n\t\t\t\t<div class=\"elementor-widget-container\">\n\t\t\t\t\t<div class=\"elementor-portfolio elementor-grid elementor-posts-container\">\n\t\t\t\t<article class=\"elementor-portfolio-item elementor-post  post-2402 trabajos type-trabajos status-publish has-post-thumbnail hentry categoria-habitatges\">\n\t\t\t<a class=\"elementor-post__thumbnail__link\" href=\"https:\/\/mibcon.es\/?trabajos=habitatge-begur&lang=ca\">\n\t\t\t\t<div class=\"elementor-portfolio-item__img elementor-post__thumbnail\">\n\t\t\t<img loading=\"lazy\" decoding=\"async\" width=\"1500\" height=\"1000\" src=\"https:\/\/mibcon.es\/wp-content\/uploads\/2021\/02\/VIVIENDA-BEGUR-4.jpg\" class=\"attachment-full size-full\" alt=\"\" srcset=\"https:\/\/mibcon.es\/wp-content\/uploads\/2021\/02\/VIVIENDA-BEGUR-4.jpg 1500w, https:\/\/mibcon.es\/wp-content\/uploads\/2021\/02\/VIVIENDA-BEGUR-4-300x200.jpg 300w, https:\/\/mibcon.es\/wp-content\/uploads\/2021\/02\/VIVIENDA-BEGUR-4-1024x683.jpg 1024w, https:\/\/mibcon.es\/wp-content\/uploads\/2021\/02\/VIVIENDA-BEGUR-4-768x512.jpg 768w\" sizes=\"auto, (max-width: 1500px) 100vw, 1500px\" \/>\t\t<\/div>\n\t\t\t\t<div class=\"elementor-portfolio-item__overlay\">\n\t\t\t\t<h1 class=\"elementor-portfolio-item__title\">\n\t\tHABITATGE BEGUR\t\t<\/h1>\n\t\t\t\t<\/div>\n\t\t\t\t<\/a>\n\t\t<\/article>\n\t\t\t\t<article class=\"elementor-portfolio-item elementor-post  post-2372 trabajos type-trabajos status-publish has-post-thumbnail hentry categoria-habitatges\">\n\t\t\t<a class=\"elementor-post__thumbnail__link\" href=\"https:\/\/mibcon.es\/?trabajos=habitatge-bellaterra&lang=ca\">\n\t\t\t\t<div class=\"elementor-portfolio-item__img elementor-post__thumbnail\">\n\t\t\t<img loading=\"lazy\" decoding=\"async\" width=\"1500\" height=\"1000\" src=\"https:\/\/mibcon.es\/wp-content\/uploads\/2021\/02\/VIVIENDA-BELLATERRA-2.jpg\" class=\"attachment-full size-full\" alt=\"\" srcset=\"https:\/\/mibcon.es\/wp-content\/uploads\/2021\/02\/VIVIENDA-BELLATERRA-2.jpg 1500w, https:\/\/mibcon.es\/wp-content\/uploads\/2021\/02\/VIVIENDA-BELLATERRA-2-300x200.jpg 300w, https:\/\/mibcon.es\/wp-content\/uploads\/2021\/02\/VIVIENDA-BELLATERRA-2-1024x683.jpg 1024w, https:\/\/mibcon.es\/wp-content\/uploads\/2021\/02\/VIVIENDA-BELLATERRA-2-768x512.jpg 768w\" sizes=\"auto, (max-width: 1500px) 100vw, 1500px\" \/>\t\t<\/div>\n\t\t\t\t<div class=\"elementor-portfolio-item__overlay\">\n\t\t\t\t<h1 class=\"elementor-portfolio-item__title\">\n\t\tHABITATGE BELLATERRA\t\t<\/h1>\n\t\t\t\t<\/div>\n\t\t\t\t<\/a>\n\t\t<\/article>\n\t\t\t\t<article class=\"elementor-portfolio-item elementor-post  post-2362 trabajos type-trabajos status-publish has-post-thumbnail hentry categoria-habitatges\">\n\t\t\t<a class=\"elementor-post__thumbnail__link\" href=\"https:\/\/mibcon.es\/?trabajos=habitatge-pedralbes&lang=ca\">\n\t\t\t\t<div class=\"elementor-portfolio-item__img elementor-post__thumbnail\">\n\t\t\t<img loading=\"lazy\" decoding=\"async\" width=\"1500\" height=\"1000\" src=\"https:\/\/mibcon.es\/wp-content\/uploads\/2021\/02\/VIVIENDA-PEDRALBES-1.jpg\" class=\"attachment-full size-full\" alt=\"\" srcset=\"https:\/\/mibcon.es\/wp-content\/uploads\/2021\/02\/VIVIENDA-PEDRALBES-1.jpg 1500w, https:\/\/mibcon.es\/wp-content\/uploads\/2021\/02\/VIVIENDA-PEDRALBES-1-300x200.jpg 300w, https:\/\/mibcon.es\/wp-content\/uploads\/2021\/02\/VIVIENDA-PEDRALBES-1-1024x683.jpg 1024w, https:\/\/mibcon.es\/wp-content\/uploads\/2021\/02\/VIVIENDA-PEDRALBES-1-768x512.jpg 768w\" sizes=\"auto, (max-width: 1500px) 100vw, 1500px\" \/>\t\t<\/div>\n\t\t\t\t<div class=\"elementor-portfolio-item__overlay\">\n\t\t\t\t<h1 class=\"elementor-portfolio-item__title\">\n\t\tHABITATGE PEDRALBES\t\t<\/h1>\n\t\t\t\t<\/div>\n\t\t\t\t<\/a>\n\t\t<\/article>\n\t\t\t\t<article class=\"elementor-portfolio-item elementor-post  post-2344 trabajos type-trabajos status-publish has-post-thumbnail hentry categoria-habitatges\">\n\t\t\t<a class=\"elementor-post__thumbnail__link\" href=\"https:\/\/mibcon.es\/?trabajos=sant-pere-de-ribes&lang=ca\">\n\t\t\t\t<div class=\"elementor-portfolio-item__img elementor-post__thumbnail\">\n\t\t\t<img loading=\"lazy\" decoding=\"async\" width=\"1500\" height=\"1000\" src=\"https:\/\/mibcon.es\/wp-content\/uploads\/2021\/02\/SANT-PERE-DE-RIBES-3.jpg\" class=\"attachment-full size-full\" alt=\"\" srcset=\"https:\/\/mibcon.es\/wp-content\/uploads\/2021\/02\/SANT-PERE-DE-RIBES-3.jpg 1500w, https:\/\/mibcon.es\/wp-content\/uploads\/2021\/02\/SANT-PERE-DE-RIBES-3-300x200.jpg 300w, https:\/\/mibcon.es\/wp-content\/uploads\/2021\/02\/SANT-PERE-DE-RIBES-3-1024x683.jpg 1024w, https:\/\/mibcon.es\/wp-content\/uploads\/2021\/02\/SANT-PERE-DE-RIBES-3-768x512.jpg 768w\" sizes=\"auto, (max-width: 1500px) 100vw, 1500px\" \/>\t\t<\/div>\n\t\t\t\t<div class=\"elementor-portfolio-item__overlay\">\n\t\t\t\t<h1 class=\"elementor-portfolio-item__title\">\n\t\tSANT PERE DE RIBES\t\t<\/h1>\n\t\t\t\t<\/div>\n\t\t\t\t<\/a>\n\t\t<\/article>\n\t\t\t\t<\/div>\n\t\t\t\t<\/div>\n\t\t\t\t<\/div>\n\t\t\t\t\t\t<\/div>\n\t\t\t\t\t<\/div>\n\t\t<\/div>\n\t\t\t\t\t\t\t\t<\/div>\n\t\t\t\t\t<\/div>\n\t\t<\/section>\n\t\t\t\t\t\t<\/div>\n\t\t\t\t\t\t<\/div>\n\t\t\t\t\t<\/div>\n\t\t","protected":false},"excerpt":{"rendered":"<p>Habitatges Habitatges En aquest apartat hi trobem les actuacions realitzades principalment en habitatges de diferents tipologies. Tant de clients particulars, com\u00a0edificis plurifamiliars d&#8217;obra nova gestionats per comunitats de propietaris. Les obres solen consistir en l&#8217;adaptaci\u00f3 de la distribuci\u00f3 existent segons les noves necessitats, el canvi de revestiments (principalment en banys i cuina), la substituci\u00f3 de [&hellip;]<\/p>\n","protected":false},"author":1,"featured_media":0,"parent":1635,"menu_order":0,"comment_status":"closed","ping_status":"closed","template":"","meta":{"_monsterinsights_skip_tracking":false,"_monsterinsights_sitenote_active":false,"_monsterinsights_sitenote_note":"","_monsterinsights_sitenote_category":0,"footnotes":""},"class_list":["post-1674","page","type-page","status-publish","hentry"],"yoast_head":"<!-- This site is optimized with the Yoast SEO Premium plugin v22.9 (Yoast SEO v22.9) - https:\/\/yoast.com\/wordpress\/plugins\/seo\/ -->\n<title>Habitatges - MiBCON S.L.<\/title>\n<meta name=\"robots\" content=\"index, follow, max-snippet:-1, max-image-preview:large, max-video-preview:-1\" \/>\n<link rel=\"canonical\" href=\"https:\/\/mibcon.es\/?page_id=1674&lang=ca\" \/>\n<meta property=\"og:locale\" content=\"es_ES\" \/>\n<meta property=\"og:type\" content=\"article\" \/>\n<meta property=\"og:title\" content=\"Habitatges\" \/>\n<meta property=\"og:description\" content=\"Habitatges Habitatges En aquest apartat hi trobem les actuacions realitzades principalment en habitatges de diferents tipologies. Tant de clients particulars, com\u00a0edificis plurifamiliars d&#8217;obra nova gestionats per comunitats de propietaris. Les obres solen consistir en l&#8217;adaptaci\u00f3 de la distribuci\u00f3 existent segons les noves necessitats, el canvi de revestiments (principalment en banys i cuina), la substituci\u00f3 de [&hellip;]\" \/>\n<meta property=\"og:url\" content=\"https:\/\/mibcon.es\/?page_id=1674&amp;lang=ca\" \/>\n<meta property=\"og:site_name\" content=\"MiBCON S.L.\" \/>\n<meta property=\"article:modified_time\" content=\"2021-11-30T08:45:03+00:00\" \/>\n<meta name=\"twitter:card\" content=\"summary_large_image\" \/>\n<script type=\"application\/ld+json\" class=\"yoast-schema-graph\">{\"@context\":\"https:\/\/schema.org\",\"@graph\":[{\"@type\":\"WebPage\",\"@id\":\"https:\/\/mibcon.es\/?page_id=1674&lang=ca\",\"url\":\"https:\/\/mibcon.es\/?page_id=1674&lang=ca\",\"name\":\"Habitatges - MiBCON S.L.\",\"isPartOf\":{\"@id\":\"https:\/\/mibcon.es\/#website\"},\"datePublished\":\"2021-02-15T04:31:32+00:00\",\"dateModified\":\"2021-11-30T08:45:03+00:00\",\"breadcrumb\":{\"@id\":\"https:\/\/mibcon.es\/?page_id=1674&lang=ca#breadcrumb\"},\"inLanguage\":\"es\",\"potentialAction\":[{\"@type\":\"ReadAction\",\"target\":[\"https:\/\/mibcon.es\/?page_id=1674&lang=ca\"]}]},{\"@type\":\"BreadcrumbList\",\"@id\":\"https:\/\/mibcon.es\/?page_id=1674&lang=ca#breadcrumb\",\"itemListElement\":[{\"@type\":\"ListItem\",\"position\":1,\"name\":\"Home\",\"item\":\"https:\/\/mibcon.es\/\"},{\"@type\":\"ListItem\",\"position\":2,\"name\":\"Projectes\",\"item\":\"https:\/\/mibcon.es\/?page_id=1635&lang=ca\"},{\"@type\":\"ListItem\",\"position\":3,\"name\":\"Habitatges\"}]},{\"@type\":\"WebSite\",\"@id\":\"https:\/\/mibcon.es\/#website\",\"url\":\"https:\/\/mibcon.es\/\",\"name\":\"MiBCON S.L.\",\"description\":\"Construcci\u00f3n y Rehabilitaci\u00f3n\",\"potentialAction\":[{\"@type\":\"SearchAction\",\"target\":{\"@type\":\"EntryPoint\",\"urlTemplate\":\"https:\/\/mibcon.es\/?s={search_term_string}\"},\"query-input\":\"required name=search_term_string\"}],\"inLanguage\":\"es\"}]}<\/script>\n<!-- \/ Yoast SEO Premium plugin. -->","yoast_head_json":{"title":"Habitatges - MiBCON S.L.","robots":{"index":"index","follow":"follow","max-snippet":"max-snippet:-1","max-image-preview":"max-image-preview:large","max-video-preview":"max-video-preview:-1"},"canonical":"https:\/\/mibcon.es\/?page_id=1674&lang=ca","og_locale":"es_ES","og_type":"article","og_title":"Habitatges","og_description":"Habitatges Habitatges En aquest apartat hi trobem les actuacions realitzades principalment en habitatges de diferents tipologies. Tant de clients particulars, com\u00a0edificis plurifamiliars d&#8217;obra nova gestionats per comunitats de propietaris. Les obres solen consistir en l&#8217;adaptaci\u00f3 de la distribuci\u00f3 existent segons les noves necessitats, el canvi de revestiments (principalment en banys i cuina), la substituci\u00f3 de [&hellip;]","og_url":"https:\/\/mibcon.es\/?page_id=1674&lang=ca","og_site_name":"MiBCON S.L.","article_modified_time":"2021-11-30T08:45:03+00:00","twitter_card":"summary_large_image","schema":{"@context":"https:\/\/schema.org","@graph":[{"@type":"WebPage","@id":"https:\/\/mibcon.es\/?page_id=1674&lang=ca","url":"https:\/\/mibcon.es\/?page_id=1674&lang=ca","name":"Habitatges - MiBCON S.L.","isPartOf":{"@id":"https:\/\/mibcon.es\/#website"},"datePublished":"2021-02-15T04:31:32+00:00","dateModified":"2021-11-30T08:45:03+00:00","breadcrumb":{"@id":"https:\/\/mibcon.es\/?page_id=1674&lang=ca#breadcrumb"},"inLanguage":"es","potentialAction":[{"@type":"ReadAction","target":["https:\/\/mibcon.es\/?page_id=1674&lang=ca"]}]},{"@type":"BreadcrumbList","@id":"https:\/\/mibcon.es\/?page_id=1674&lang=ca#breadcrumb","itemListElement":[{"@type":"ListItem","position":1,"name":"Home","item":"https:\/\/mibcon.es\/"},{"@type":"ListItem","position":2,"name":"Projectes","item":"https:\/\/mibcon.es\/?page_id=1635&lang=ca"},{"@type":"ListItem","position":3,"name":"Habitatges"}]},{"@type":"WebSite","@id":"https:\/\/mibcon.es\/#website","url":"https:\/\/mibcon.es\/","name":"MiBCON S.L.","description":"Construcci\u00f3n y Rehabilitaci\u00f3n","potentialAction":[{"@type":"SearchAction","target":{"@type":"EntryPoint","urlTemplate":"https:\/\/mibcon.es\/?s={search_term_string}"},"query-input":"required name=search_term_string"}],"inLanguage":"es"}]}},"lang":"ca","translations":{"en":1394,"es":838,"ca":1674},"pll_sync_post":[],"_links":{"self":[{"href":"https:\/\/mibcon.es\/index.php?rest_route=\/wp\/v2\/pages\/1674","targetHints":{"allow":["GET"]}}],"collection":[{"href":"https:\/\/mibcon.es\/index.php?rest_route=\/wp\/v2\/pages"}],"about":[{"href":"https:\/\/mibcon.es\/index.php?rest_route=\/wp\/v2\/types\/page"}],"author":[{"embeddable":true,"href":"https:\/\/mibcon.es\/index.php?rest_route=\/wp\/v2\/users\/1"}],"replies":[{"embeddable":true,"href":"https:\/\/mibcon.es\/index.php?rest_route=%2Fwp%2Fv2%2Fcomments&post=1674"}],"version-history":[{"count":13,"href":"https:\/\/mibcon.es\/index.php?rest_route=\/wp\/v2\/pages\/1674\/revisions"}],"predecessor-version":[{"id":2685,"href":"https:\/\/mibcon.es\/index.php?rest_route=\/wp\/v2\/pages\/1674\/revisions\/2685"}],"up":[{"embeddable":true,"href":"https:\/\/mibcon.es\/index.php?rest_route=\/wp\/v2\/pages\/1635"}],"wp:attachment":[{"href":"https:\/\/mibcon.es\/index.php?rest_route=%2Fwp%2Fv2%2Fmedia&parent=1674"}],"curies":[{"name":"wp","href":"https:\/\/api.w.org\/{rel}","templated":true}]}}