{"id":1669,"date":"2021-02-15T04:30:45","date_gmt":"2021-02-15T04:30:45","guid":{"rendered":"https:\/\/mibcon.es\/?page_id=1669"},"modified":"2021-02-25T20:31:14","modified_gmt":"2021-02-25T20:31:14","slug":"oficines","status":"publish","type":"page","link":"https:\/\/mibcon.es\/?page_id=1669&lang=ca","title":{"rendered":"Oficines"},"content":{"rendered":"\t\t<div data-elementor-type=\"wp-page\" data-elementor-id=\"1669\" class=\"elementor elementor-1669\" data-elementor-settings=\"[]\">\n\t\t\t\t\t\t<div class=\"elementor-inner\">\n\t\t\t\t\t\t\t<div class=\"elementor-section-wrap\">\n\t\t\t\t\t\t\t<section class=\"elementor-section elementor-top-section elementor-element elementor-element-42d9939 elementor-section-boxed elementor-section-height-default elementor-section-height-default\" data-id=\"42d9939\" data-element_type=\"section\">\n\t\t\t\t\t\t<div class=\"elementor-container elementor-column-gap-default\">\n\t\t\t\t\t\t\t<div class=\"elementor-row\">\n\t\t\t\t\t<div class=\"elementor-column elementor-col-100 elementor-top-column elementor-element elementor-element-093bc95\" data-id=\"093bc95\" data-element_type=\"column\">\n\t\t\t<div class=\"elementor-column-wrap elementor-element-populated\">\n\t\t\t\t\t\t\t<div class=\"elementor-widget-wrap\">\n\t\t\t\t\t\t<div class=\"elementor-element elementor-element-4b8cda0 elementor-hidden-phone elementor-invisible elementor-widget elementor-widget-heading\" data-id=\"4b8cda0\" data-element_type=\"widget\" data-settings=\"{&quot;_animation&quot;:&quot;fadeInUp&quot;}\" data-widget_type=\"heading.default\">\n\t\t\t\t<div class=\"elementor-widget-container\">\n\t\t\t<h2 class=\"elementor-heading-title elementor-size-default\">Oficines<\/h2>\t\t<\/div>\n\t\t\t\t<\/div>\n\t\t\t\t<div class=\"elementor-element elementor-element-16d942f elementor-hidden-desktop elementor-hidden-tablet elementor-invisible elementor-widget elementor-widget-heading\" data-id=\"16d942f\" data-element_type=\"widget\" data-settings=\"{&quot;_animation&quot;:&quot;fadeInUp&quot;}\" data-widget_type=\"heading.default\">\n\t\t\t\t<div class=\"elementor-widget-container\">\n\t\t\t<h2 class=\"elementor-heading-title elementor-size-default\">Oficines<\/h2>\t\t<\/div>\n\t\t\t\t<\/div>\n\t\t\t\t<div class=\"elementor-element elementor-element-db9b9f3 elementor-widget elementor-widget-text-editor\" data-id=\"db9b9f3\" data-element_type=\"widget\" data-widget_type=\"text-editor.default\">\n\t\t\t\t<div class=\"elementor-widget-container\">\n\t\t\t\t\t<div class=\"elementor-text-editor elementor-clearfix\">Adaptem i reformem oficines, b\u00e9 sigui per millorar les seves condicions de treball, renovar la seva imatge, complir amb les noves necessitats de l&#8217;empresa o adequar aquests espais als nous requeriments t\u00e8cnics segons normativa. Ens encarreguem de tot el proc\u00e9s al m\u00e9s m\u00ednim detall. En algunes ocasions realitzem la reforma mentre els nostres clients segueixen treballant. Per a aix\u00f2 estudiem i planifiquem d&#8217;una manera detallada el projecte i aix\u00ed redu\u00efm l&#8217;impacte de les obres, interferint al m\u00ednim en l&#8217;activitat habitual de les empreses.<\/div>\n\t\t\t\t<\/div>\n\t\t\t\t<\/div>\n\t\t\t\t<div class=\"elementor-element elementor-element-1258b50 elementor-grid-2 elementor-grid-tablet-2 elementor-grid-mobile-1 elementor-invisible elementor-widget elementor-widget-portfolio\" data-id=\"1258b50\" data-element_type=\"widget\" data-settings=\"{&quot;columns&quot;:&quot;2&quot;,&quot;item_ratio&quot;:{&quot;unit&quot;:&quot;px&quot;,&quot;size&quot;:0.6,&quot;sizes&quot;:[]},&quot;row_gap&quot;:{&quot;unit&quot;:&quot;px&quot;,&quot;size&quot;:10,&quot;sizes&quot;:[]},&quot;_animation&quot;:&quot;zoomIn&quot;,&quot;columns_tablet&quot;:&quot;2&quot;,&quot;columns_mobile&quot;:&quot;1&quot;,&quot;item_gap&quot;:{&quot;unit&quot;:&quot;px&quot;,&quot;size&quot;:&quot;&quot;,&quot;sizes&quot;:[]}}\" data-widget_type=\"portfolio.default\">\n\t\t\t\t<div class=\"elementor-widget-container\">\n\t\t\t\t\t<div class=\"elementor-portfolio elementor-grid elementor-posts-container\">\n\t\t\t\t<article class=\"elementor-portfolio-item elementor-post  post-2242 trabajos type-trabajos status-publish has-post-thumbnail hentry categoria-oficines\">\n\t\t\t<a class=\"elementor-post__thumbnail__link\" href=\"https:\/\/mibcon.es\/?trabajos=gm-fuel&lang=ca\">\n\t\t\t\t<div class=\"elementor-portfolio-item__img elementor-post__thumbnail\">\n\t\t\t<img loading=\"lazy\" decoding=\"async\" width=\"1500\" height=\"1000\" src=\"https:\/\/mibcon.es\/wp-content\/uploads\/2021\/02\/GM-FUEL-4.jpg\" class=\"attachment-full size-full\" alt=\"\" srcset=\"https:\/\/mibcon.es\/wp-content\/uploads\/2021\/02\/GM-FUEL-4.jpg 1500w, https:\/\/mibcon.es\/wp-content\/uploads\/2021\/02\/GM-FUEL-4-300x200.jpg 300w, https:\/\/mibcon.es\/wp-content\/uploads\/2021\/02\/GM-FUEL-4-1024x683.jpg 1024w, https:\/\/mibcon.es\/wp-content\/uploads\/2021\/02\/GM-FUEL-4-768x512.jpg 768w\" sizes=\"auto, (max-width: 1500px) 100vw, 1500px\" \/>\t\t<\/div>\n\t\t\t\t<div class=\"elementor-portfolio-item__overlay\">\n\t\t\t\t<h1 class=\"elementor-portfolio-item__title\">\n\t\tGM FUEL\t\t<\/h1>\n\t\t\t\t<\/div>\n\t\t\t\t<\/a>\n\t\t<\/article>\n\t\t\t\t<article class=\"elementor-portfolio-item elementor-post  post-2228 trabajos type-trabajos status-publish has-post-thumbnail hentry categoria-oficines\">\n\t\t\t<a class=\"elementor-post__thumbnail__link\" href=\"https:\/\/mibcon.es\/?trabajos=russell-reynolds&lang=ca\">\n\t\t\t\t<div class=\"elementor-portfolio-item__img elementor-post__thumbnail\">\n\t\t\t<img loading=\"lazy\" decoding=\"async\" width=\"1500\" height=\"1000\" src=\"https:\/\/mibcon.es\/wp-content\/uploads\/2021\/02\/RUSSELL-REYNOLDS-2.jpg\" class=\"attachment-full size-full\" alt=\"\" srcset=\"https:\/\/mibcon.es\/wp-content\/uploads\/2021\/02\/RUSSELL-REYNOLDS-2.jpg 1500w, https:\/\/mibcon.es\/wp-content\/uploads\/2021\/02\/RUSSELL-REYNOLDS-2-300x200.jpg 300w, https:\/\/mibcon.es\/wp-content\/uploads\/2021\/02\/RUSSELL-REYNOLDS-2-1024x683.jpg 1024w, https:\/\/mibcon.es\/wp-content\/uploads\/2021\/02\/RUSSELL-REYNOLDS-2-768x512.jpg 768w\" sizes=\"auto, (max-width: 1500px) 100vw, 1500px\" \/>\t\t<\/div>\n\t\t\t\t<div class=\"elementor-portfolio-item__overlay\">\n\t\t\t\t<h1 class=\"elementor-portfolio-item__title\">\n\t\tRUSSELL REYNOLDS\t\t<\/h1>\n\t\t\t\t<\/div>\n\t\t\t\t<\/a>\n\t\t<\/article>\n\t\t\t\t<article class=\"elementor-portfolio-item elementor-post  post-2212 trabajos type-trabajos status-publish has-post-thumbnail hentry categoria-oficines\">\n\t\t\t<a class=\"elementor-post__thumbnail__link\" href=\"https:\/\/mibcon.es\/?trabajos=tennium&lang=ca\">\n\t\t\t\t<div class=\"elementor-portfolio-item__img elementor-post__thumbnail\">\n\t\t\t<img loading=\"lazy\" decoding=\"async\" width=\"1500\" height=\"1000\" src=\"https:\/\/mibcon.es\/wp-content\/uploads\/2021\/02\/TENNIUM-1.jpg\" class=\"attachment-full size-full\" alt=\"\" srcset=\"https:\/\/mibcon.es\/wp-content\/uploads\/2021\/02\/TENNIUM-1.jpg 1500w, https:\/\/mibcon.es\/wp-content\/uploads\/2021\/02\/TENNIUM-1-300x200.jpg 300w, https:\/\/mibcon.es\/wp-content\/uploads\/2021\/02\/TENNIUM-1-1024x683.jpg 1024w, https:\/\/mibcon.es\/wp-content\/uploads\/2021\/02\/TENNIUM-1-768x512.jpg 768w\" sizes=\"auto, (max-width: 1500px) 100vw, 1500px\" \/>\t\t<\/div>\n\t\t\t\t<div class=\"elementor-portfolio-item__overlay\">\n\t\t\t\t<h1 class=\"elementor-portfolio-item__title\">\n\t\tTENNIUM\t\t<\/h1>\n\t\t\t\t<\/div>\n\t\t\t\t<\/a>\n\t\t<\/article>\n\t\t\t\t<article class=\"elementor-portfolio-item elementor-post  post-2203 trabajos type-trabajos status-publish has-post-thumbnail hentry categoria-oficines\">\n\t\t\t<a class=\"elementor-post__thumbnail__link\" href=\"https:\/\/mibcon.es\/?trabajos=oficines-al-22&lang=ca\">\n\t\t\t\t<div class=\"elementor-portfolio-item__img elementor-post__thumbnail\">\n\t\t\t<img loading=\"lazy\" decoding=\"async\" width=\"1500\" height=\"1000\" src=\"https:\/\/mibcon.es\/wp-content\/uploads\/2021\/02\/OFICINAS-EN-22-2.jpg\" class=\"attachment-full size-full\" alt=\"\" srcset=\"https:\/\/mibcon.es\/wp-content\/uploads\/2021\/02\/OFICINAS-EN-22-2.jpg 1500w, https:\/\/mibcon.es\/wp-content\/uploads\/2021\/02\/OFICINAS-EN-22-2-300x200.jpg 300w, https:\/\/mibcon.es\/wp-content\/uploads\/2021\/02\/OFICINAS-EN-22-2-1024x683.jpg 1024w, https:\/\/mibcon.es\/wp-content\/uploads\/2021\/02\/OFICINAS-EN-22-2-768x512.jpg 768w\" sizes=\"auto, (max-width: 1500px) 100vw, 1500px\" \/>\t\t<\/div>\n\t\t\t\t<div class=\"elementor-portfolio-item__overlay\">\n\t\t\t\t<h1 class=\"elementor-portfolio-item__title\">\n\t\tOFICINES AL 22 @\t\t<\/h1>\n\t\t\t\t<\/div>\n\t\t\t\t<\/a>\n\t\t<\/article>\n\t\t\t\t<article class=\"elementor-portfolio-item elementor-post  post-2183 trabajos type-trabajos status-publish has-post-thumbnail hentry categoria-oficines\">\n\t\t\t<a class=\"elementor-post__thumbnail__link\" href=\"https:\/\/mibcon.es\/?trabajos=oficines-parc-negocis-mas-blau&lang=ca\">\n\t\t\t\t<div class=\"elementor-portfolio-item__img elementor-post__thumbnail\">\n\t\t\t<img loading=\"lazy\" decoding=\"async\" width=\"1500\" height=\"1000\" src=\"https:\/\/mibcon.es\/wp-content\/uploads\/2021\/02\/OFICINAS-PARC-NEGOCIS-MAS-BLAU-2.jpg\" class=\"attachment-full size-full\" alt=\"\" srcset=\"https:\/\/mibcon.es\/wp-content\/uploads\/2021\/02\/OFICINAS-PARC-NEGOCIS-MAS-BLAU-2.jpg 1500w, https:\/\/mibcon.es\/wp-content\/uploads\/2021\/02\/OFICINAS-PARC-NEGOCIS-MAS-BLAU-2-300x200.jpg 300w, https:\/\/mibcon.es\/wp-content\/uploads\/2021\/02\/OFICINAS-PARC-NEGOCIS-MAS-BLAU-2-1024x683.jpg 1024w, https:\/\/mibcon.es\/wp-content\/uploads\/2021\/02\/OFICINAS-PARC-NEGOCIS-MAS-BLAU-2-768x512.jpg 768w\" sizes=\"auto, (max-width: 1500px) 100vw, 1500px\" \/>\t\t<\/div>\n\t\t\t\t<div class=\"elementor-portfolio-item__overlay\">\n\t\t\t\t<h1 class=\"elementor-portfolio-item__title\">\n\t\tOFICINES PARC NEGOCIS MAS BLAU\t\t<\/h1>\n\t\t\t\t<\/div>\n\t\t\t\t<\/a>\n\t\t<\/article>\n\t\t\t\t<article class=\"elementor-portfolio-item elementor-post  post-2172 trabajos type-trabajos status-publish has-post-thumbnail hentry categoria-oficines\">\n\t\t\t<a class=\"elementor-post__thumbnail__link\" href=\"https:\/\/mibcon.es\/?trabajos=oficines-sant-just&lang=ca\">\n\t\t\t\t<div class=\"elementor-portfolio-item__img elementor-post__thumbnail\">\n\t\t\t<img loading=\"lazy\" decoding=\"async\" width=\"1500\" height=\"1000\" src=\"https:\/\/mibcon.es\/wp-content\/uploads\/2021\/02\/OFICINAS-SANT-JUST-3-1.jpg\" class=\"attachment-full size-full\" alt=\"\" srcset=\"https:\/\/mibcon.es\/wp-content\/uploads\/2021\/02\/OFICINAS-SANT-JUST-3-1.jpg 1500w, https:\/\/mibcon.es\/wp-content\/uploads\/2021\/02\/OFICINAS-SANT-JUST-3-1-300x200.jpg 300w, https:\/\/mibcon.es\/wp-content\/uploads\/2021\/02\/OFICINAS-SANT-JUST-3-1-1024x683.jpg 1024w, https:\/\/mibcon.es\/wp-content\/uploads\/2021\/02\/OFICINAS-SANT-JUST-3-1-768x512.jpg 768w\" sizes=\"auto, (max-width: 1500px) 100vw, 1500px\" \/>\t\t<\/div>\n\t\t\t\t<div class=\"elementor-portfolio-item__overlay\">\n\t\t\t\t<h1 class=\"elementor-portfolio-item__title\">\n\t\tOFICINES FUSION FOR ENERGY\t\t<\/h1>\n\t\t\t\t<\/div>\n\t\t\t\t<\/a>\n\t\t<\/article>\n\t\t\t\t<\/div>\n\t\t\t\t<\/div>\n\t\t\t\t<\/div>\n\t\t\t\t\t\t<\/div>\n\t\t\t\t\t<\/div>\n\t\t<\/div>\n\t\t\t\t\t\t\t\t<\/div>\n\t\t\t\t\t<\/div>\n\t\t<\/section>\n\t\t\t\t\t\t<\/div>\n\t\t\t\t\t\t<\/div>\n\t\t\t\t\t<\/div>\n\t\t","protected":false},"excerpt":{"rendered":"<p>Oficines Oficines Adaptem i reformem oficines, b\u00e9 sigui per millorar les seves condicions de treball, renovar la seva imatge, complir amb les noves necessitats de l&#8217;empresa o adequar aquests espais als nous requeriments t\u00e8cnics segons normativa. Ens encarreguem de tot el proc\u00e9s al m\u00e9s m\u00ednim detall. En algunes ocasions realitzem la reforma mentre els nostres [&hellip;]<\/p>\n","protected":false},"author":1,"featured_media":0,"parent":1635,"menu_order":0,"comment_status":"closed","ping_status":"closed","template":"","meta":{"_monsterinsights_skip_tracking":false,"_monsterinsights_sitenote_active":false,"_monsterinsights_sitenote_note":"","_monsterinsights_sitenote_category":0,"footnotes":""},"class_list":["post-1669","page","type-page","status-publish","hentry"],"yoast_head":"<!-- This site is optimized with the Yoast SEO Premium plugin v22.9 (Yoast SEO v22.9) - https:\/\/yoast.com\/wordpress\/plugins\/seo\/ -->\n<title>Oficines - MiBCON S.L.<\/title>\n<meta name=\"robots\" content=\"index, follow, max-snippet:-1, max-image-preview:large, max-video-preview:-1\" \/>\n<link rel=\"canonical\" href=\"https:\/\/mibcon.es\/?page_id=1669&lang=ca\" \/>\n<meta property=\"og:locale\" content=\"es_ES\" \/>\n<meta property=\"og:type\" content=\"article\" \/>\n<meta property=\"og:title\" content=\"Oficines\" \/>\n<meta property=\"og:description\" content=\"Oficines Oficines Adaptem i reformem oficines, b\u00e9 sigui per millorar les seves condicions de treball, renovar la seva imatge, complir amb les noves necessitats de l&#8217;empresa o adequar aquests espais als nous requeriments t\u00e8cnics segons normativa. Ens encarreguem de tot el proc\u00e9s al m\u00e9s m\u00ednim detall. En algunes ocasions realitzem la reforma mentre els nostres [&hellip;]\" \/>\n<meta property=\"og:url\" content=\"https:\/\/mibcon.es\/?page_id=1669&amp;lang=ca\" \/>\n<meta property=\"og:site_name\" content=\"MiBCON S.L.\" \/>\n<meta property=\"article:modified_time\" content=\"2021-02-25T20:31:14+00:00\" \/>\n<meta name=\"twitter:card\" content=\"summary_large_image\" \/>\n<script type=\"application\/ld+json\" class=\"yoast-schema-graph\">{\"@context\":\"https:\/\/schema.org\",\"@graph\":[{\"@type\":\"WebPage\",\"@id\":\"https:\/\/mibcon.es\/?page_id=1669&lang=ca\",\"url\":\"https:\/\/mibcon.es\/?page_id=1669&lang=ca\",\"name\":\"Oficines - MiBCON S.L.\",\"isPartOf\":{\"@id\":\"https:\/\/mibcon.es\/#website\"},\"datePublished\":\"2021-02-15T04:30:45+00:00\",\"dateModified\":\"2021-02-25T20:31:14+00:00\",\"breadcrumb\":{\"@id\":\"https:\/\/mibcon.es\/?page_id=1669&lang=ca#breadcrumb\"},\"inLanguage\":\"es\",\"potentialAction\":[{\"@type\":\"ReadAction\",\"target\":[\"https:\/\/mibcon.es\/?page_id=1669&lang=ca\"]}]},{\"@type\":\"BreadcrumbList\",\"@id\":\"https:\/\/mibcon.es\/?page_id=1669&lang=ca#breadcrumb\",\"itemListElement\":[{\"@type\":\"ListItem\",\"position\":1,\"name\":\"Home\",\"item\":\"https:\/\/mibcon.es\/\"},{\"@type\":\"ListItem\",\"position\":2,\"name\":\"Projectes\",\"item\":\"https:\/\/mibcon.es\/?page_id=1635&lang=ca\"},{\"@type\":\"ListItem\",\"position\":3,\"name\":\"Oficines\"}]},{\"@type\":\"WebSite\",\"@id\":\"https:\/\/mibcon.es\/#website\",\"url\":\"https:\/\/mibcon.es\/\",\"name\":\"MiBCON S.L.\",\"description\":\"Construcci\u00f3n y Rehabilitaci\u00f3n\",\"potentialAction\":[{\"@type\":\"SearchAction\",\"target\":{\"@type\":\"EntryPoint\",\"urlTemplate\":\"https:\/\/mibcon.es\/?s={search_term_string}\"},\"query-input\":\"required name=search_term_string\"}],\"inLanguage\":\"es\"}]}<\/script>\n<!-- \/ Yoast SEO Premium plugin. -->","yoast_head_json":{"title":"Oficines - MiBCON S.L.","robots":{"index":"index","follow":"follow","max-snippet":"max-snippet:-1","max-image-preview":"max-image-preview:large","max-video-preview":"max-video-preview:-1"},"canonical":"https:\/\/mibcon.es\/?page_id=1669&lang=ca","og_locale":"es_ES","og_type":"article","og_title":"Oficines","og_description":"Oficines Oficines Adaptem i reformem oficines, b\u00e9 sigui per millorar les seves condicions de treball, renovar la seva imatge, complir amb les noves necessitats de l&#8217;empresa o adequar aquests espais als nous requeriments t\u00e8cnics segons normativa. Ens encarreguem de tot el proc\u00e9s al m\u00e9s m\u00ednim detall. En algunes ocasions realitzem la reforma mentre els nostres [&hellip;]","og_url":"https:\/\/mibcon.es\/?page_id=1669&lang=ca","og_site_name":"MiBCON S.L.","article_modified_time":"2021-02-25T20:31:14+00:00","twitter_card":"summary_large_image","schema":{"@context":"https:\/\/schema.org","@graph":[{"@type":"WebPage","@id":"https:\/\/mibcon.es\/?page_id=1669&lang=ca","url":"https:\/\/mibcon.es\/?page_id=1669&lang=ca","name":"Oficines - MiBCON S.L.","isPartOf":{"@id":"https:\/\/mibcon.es\/#website"},"datePublished":"2021-02-15T04:30:45+00:00","dateModified":"2021-02-25T20:31:14+00:00","breadcrumb":{"@id":"https:\/\/mibcon.es\/?page_id=1669&lang=ca#breadcrumb"},"inLanguage":"es","potentialAction":[{"@type":"ReadAction","target":["https:\/\/mibcon.es\/?page_id=1669&lang=ca"]}]},{"@type":"BreadcrumbList","@id":"https:\/\/mibcon.es\/?page_id=1669&lang=ca#breadcrumb","itemListElement":[{"@type":"ListItem","position":1,"name":"Home","item":"https:\/\/mibcon.es\/"},{"@type":"ListItem","position":2,"name":"Projectes","item":"https:\/\/mibcon.es\/?page_id=1635&lang=ca"},{"@type":"ListItem","position":3,"name":"Oficines"}]},{"@type":"WebSite","@id":"https:\/\/mibcon.es\/#website","url":"https:\/\/mibcon.es\/","name":"MiBCON S.L.","description":"Construcci\u00f3n y Rehabilitaci\u00f3n","potentialAction":[{"@type":"SearchAction","target":{"@type":"EntryPoint","urlTemplate":"https:\/\/mibcon.es\/?s={search_term_string}"},"query-input":"required name=search_term_string"}],"inLanguage":"es"}]}},"lang":"ca","translations":{"en":1386,"es":834,"ca":1669},"pll_sync_post":[],"_links":{"self":[{"href":"https:\/\/mibcon.es\/index.php?rest_route=\/wp\/v2\/pages\/1669","targetHints":{"allow":["GET"]}}],"collection":[{"href":"https:\/\/mibcon.es\/index.php?rest_route=\/wp\/v2\/pages"}],"about":[{"href":"https:\/\/mibcon.es\/index.php?rest_route=\/wp\/v2\/types\/page"}],"author":[{"embeddable":true,"href":"https:\/\/mibcon.es\/index.php?rest_route=\/wp\/v2\/users\/1"}],"replies":[{"embeddable":true,"href":"https:\/\/mibcon.es\/index.php?rest_route=%2Fwp%2Fv2%2Fcomments&post=1669"}],"version-history":[{"count":10,"href":"https:\/\/mibcon.es\/index.php?rest_route=\/wp\/v2\/pages\/1669\/revisions"}],"predecessor-version":[{"id":2567,"href":"https:\/\/mibcon.es\/index.php?rest_route=\/wp\/v2\/pages\/1669\/revisions\/2567"}],"up":[{"embeddable":true,"href":"https:\/\/mibcon.es\/index.php?rest_route=\/wp\/v2\/pages\/1635"}],"wp:attachment":[{"href":"https:\/\/mibcon.es\/index.php?rest_route=%2Fwp%2Fv2%2Fmedia&parent=1669"}],"curies":[{"name":"wp","href":"https:\/\/api.w.org\/{rel}","templated":true}]}}