{"id":1664,"date":"2021-02-15T04:29:59","date_gmt":"2021-02-15T04:29:59","guid":{"rendered":"https:\/\/mibcon.es\/?page_id=1664"},"modified":"2021-02-25T20:27:51","modified_gmt":"2021-02-25T20:27:51","slug":"industrial-cat","status":"publish","type":"page","link":"https:\/\/mibcon.es\/?page_id=1664&lang=ca","title":{"rendered":"Industrial"},"content":{"rendered":"\t\t<div data-elementor-type=\"wp-page\" data-elementor-id=\"1664\" class=\"elementor elementor-1664\" data-elementor-settings=\"[]\">\n\t\t\t\t\t\t<div class=\"elementor-inner\">\n\t\t\t\t\t\t\t<div class=\"elementor-section-wrap\">\n\t\t\t\t\t\t\t<section class=\"elementor-section elementor-top-section elementor-element elementor-element-854f7b8 elementor-section-boxed elementor-section-height-default elementor-section-height-default\" data-id=\"854f7b8\" data-element_type=\"section\">\n\t\t\t\t\t\t<div class=\"elementor-container elementor-column-gap-default\">\n\t\t\t\t\t\t\t<div class=\"elementor-row\">\n\t\t\t\t\t<div class=\"elementor-column elementor-col-100 elementor-top-column elementor-element elementor-element-2799315\" data-id=\"2799315\" data-element_type=\"column\">\n\t\t\t<div class=\"elementor-column-wrap elementor-element-populated\">\n\t\t\t\t\t\t\t<div class=\"elementor-widget-wrap\">\n\t\t\t\t\t\t<div class=\"elementor-element elementor-element-998eae7 elementor-hidden-phone elementor-invisible elementor-widget elementor-widget-heading\" data-id=\"998eae7\" data-element_type=\"widget\" data-settings=\"{&quot;_animation&quot;:&quot;fadeInUp&quot;}\" data-widget_type=\"heading.default\">\n\t\t\t\t<div class=\"elementor-widget-container\">\n\t\t\t<h2 class=\"elementor-heading-title elementor-size-default\">Industrial<\/h2>\t\t<\/div>\n\t\t\t\t<\/div>\n\t\t\t\t<div class=\"elementor-element elementor-element-ffd0aea elementor-hidden-desktop elementor-hidden-tablet elementor-invisible elementor-widget elementor-widget-heading\" data-id=\"ffd0aea\" data-element_type=\"widget\" data-settings=\"{&quot;_animation&quot;:&quot;fadeInUp&quot;}\" data-widget_type=\"heading.default\">\n\t\t\t\t<div class=\"elementor-widget-container\">\n\t\t\t<h2 class=\"elementor-heading-title elementor-size-default\">Industrial<\/h2>\t\t<\/div>\n\t\t\t\t<\/div>\n\t\t\t\t<div class=\"elementor-element elementor-element-471457f elementor-widget elementor-widget-text-editor\" data-id=\"471457f\" data-element_type=\"widget\" data-widget_type=\"text-editor.default\">\n\t\t\t\t<div class=\"elementor-widget-container\">\n\t\t\t\t\t<div class=\"elementor-text-editor elementor-clearfix\">Reformem i rehabilitem naus industrials, tant naus en brut de primera ocupaci\u00f3 que calgui habilitar per primer cop, com naus que hagin tingut usos en altres tipus de negocis i canvi\u00efn la seva activitat. Realitzem tot tipus d&#8217;actuacions que permetin adaptar i actualitzar aquests espais als nous requeriments, ja siguin funcionals, est\u00e8tics, o t\u00e8cnics.\nEns adaptem a les necessitats del client i adaptem la sistem\u00e0tica de la reforma, les fases d&#8217;execuci\u00f3, els horaris i la planificaci\u00f3 de les feines, perqu\u00e8 el seu negoci mai pari de funcionar i pugui compatibilitzar-se amb la reforma d&#8217;aquest.\n<\/div>\n\t\t\t\t<\/div>\n\t\t\t\t<\/div>\n\t\t\t\t<div class=\"elementor-element elementor-element-d3c1081 elementor-grid-2 elementor-grid-tablet-2 elementor-grid-mobile-1 elementor-invisible elementor-widget elementor-widget-portfolio\" data-id=\"d3c1081\" data-element_type=\"widget\" data-settings=\"{&quot;columns&quot;:&quot;2&quot;,&quot;item_ratio&quot;:{&quot;unit&quot;:&quot;px&quot;,&quot;size&quot;:0.6,&quot;sizes&quot;:[]},&quot;row_gap&quot;:{&quot;unit&quot;:&quot;px&quot;,&quot;size&quot;:10,&quot;sizes&quot;:[]},&quot;_animation&quot;:&quot;zoomIn&quot;,&quot;columns_tablet&quot;:&quot;2&quot;,&quot;columns_mobile&quot;:&quot;1&quot;,&quot;item_gap&quot;:{&quot;unit&quot;:&quot;px&quot;,&quot;size&quot;:&quot;&quot;,&quot;sizes&quot;:[]}}\" data-widget_type=\"portfolio.default\">\n\t\t\t\t<div class=\"elementor-widget-container\">\n\t\t\t\t\t<div class=\"elementor-portfolio elementor-grid elementor-posts-container\">\n\t\t\t\t<article class=\"elementor-portfolio-item elementor-post  post-2005 trabajos type-trabajos status-publish has-post-thumbnail hentry categoria-industrial-cat\">\n\t\t\t<a class=\"elementor-post__thumbnail__link\" href=\"https:\/\/mibcon.es\/?trabajos=naus-sant-just&lang=ca\">\n\t\t\t\t<div class=\"elementor-portfolio-item__img elementor-post__thumbnail\">\n\t\t\t<img loading=\"lazy\" decoding=\"async\" width=\"1500\" height=\"1000\" src=\"https:\/\/mibcon.es\/wp-content\/uploads\/2021\/02\/NAVES-SANT-JUST-1.jpg\" class=\"attachment-full size-full\" alt=\"\" srcset=\"https:\/\/mibcon.es\/wp-content\/uploads\/2021\/02\/NAVES-SANT-JUST-1.jpg 1500w, https:\/\/mibcon.es\/wp-content\/uploads\/2021\/02\/NAVES-SANT-JUST-1-300x200.jpg 300w, https:\/\/mibcon.es\/wp-content\/uploads\/2021\/02\/NAVES-SANT-JUST-1-1024x683.jpg 1024w, https:\/\/mibcon.es\/wp-content\/uploads\/2021\/02\/NAVES-SANT-JUST-1-768x512.jpg 768w\" sizes=\"auto, (max-width: 1500px) 100vw, 1500px\" \/>\t\t<\/div>\n\t\t\t\t<div class=\"elementor-portfolio-item__overlay\">\n\t\t\t\t<h1 class=\"elementor-portfolio-item__title\">\n\t\tNAUS SANT JUST\t\t<\/h1>\n\t\t\t\t<\/div>\n\t\t\t\t<\/a>\n\t\t<\/article>\n\t\t\t\t<article class=\"elementor-portfolio-item elementor-post  post-1995 trabajos type-trabajos status-publish has-post-thumbnail hentry categoria-industrial-cat\">\n\t\t\t<a class=\"elementor-post__thumbnail__link\" href=\"https:\/\/mibcon.es\/?trabajos=espai-nau-vertigo&lang=ca\">\n\t\t\t\t<div class=\"elementor-portfolio-item__img elementor-post__thumbnail\">\n\t\t\t<img loading=\"lazy\" decoding=\"async\" width=\"1500\" height=\"1000\" src=\"https:\/\/mibcon.es\/wp-content\/uploads\/2021\/02\/ESAI-NAVE-VERTIGO-5.jpg\" class=\"attachment-full size-full\" alt=\"\" srcset=\"https:\/\/mibcon.es\/wp-content\/uploads\/2021\/02\/ESAI-NAVE-VERTIGO-5.jpg 1500w, https:\/\/mibcon.es\/wp-content\/uploads\/2021\/02\/ESAI-NAVE-VERTIGO-5-300x200.jpg 300w, https:\/\/mibcon.es\/wp-content\/uploads\/2021\/02\/ESAI-NAVE-VERTIGO-5-1024x683.jpg 1024w, https:\/\/mibcon.es\/wp-content\/uploads\/2021\/02\/ESAI-NAVE-VERTIGO-5-768x512.jpg 768w\" sizes=\"auto, (max-width: 1500px) 100vw, 1500px\" \/>\t\t<\/div>\n\t\t\t\t<div class=\"elementor-portfolio-item__overlay\">\n\t\t\t\t<h1 class=\"elementor-portfolio-item__title\">\n\t\tESPAI NAU VERTIGO\t\t<\/h1>\n\t\t\t\t<\/div>\n\t\t\t\t<\/a>\n\t\t<\/article>\n\t\t\t\t<\/div>\n\t\t\t\t<\/div>\n\t\t\t\t<\/div>\n\t\t\t\t\t\t<\/div>\n\t\t\t\t\t<\/div>\n\t\t<\/div>\n\t\t\t\t\t\t\t\t<\/div>\n\t\t\t\t\t<\/div>\n\t\t<\/section>\n\t\t\t\t\t\t<\/div>\n\t\t\t\t\t\t<\/div>\n\t\t\t\t\t<\/div>\n\t\t","protected":false},"excerpt":{"rendered":"<p>Industrial Industrial Reformem i rehabilitem naus industrials, tant naus en brut de primera ocupaci\u00f3 que calgui habilitar per primer cop, com naus que hagin tingut usos en altres tipus de negocis i canvi\u00efn la seva activitat. Realitzem tot tipus d&#8217;actuacions que permetin adaptar i actualitzar aquests espais als nous requeriments, ja siguin funcionals, est\u00e8tics, o [&hellip;]<\/p>\n","protected":false},"author":1,"featured_media":0,"parent":1635,"menu_order":0,"comment_status":"closed","ping_status":"closed","template":"","meta":{"_monsterinsights_skip_tracking":false,"_monsterinsights_sitenote_active":false,"_monsterinsights_sitenote_note":"","_monsterinsights_sitenote_category":0,"footnotes":""},"class_list":["post-1664","page","type-page","status-publish","hentry"],"yoast_head":"<!-- This site is optimized with the Yoast SEO Premium plugin v22.9 (Yoast SEO v22.9) - https:\/\/yoast.com\/wordpress\/plugins\/seo\/ -->\n<title>Industrial - MiBCON S.L.<\/title>\n<meta name=\"robots\" content=\"index, follow, max-snippet:-1, max-image-preview:large, max-video-preview:-1\" \/>\n<link rel=\"canonical\" href=\"https:\/\/mibcon.es\/?page_id=1664&lang=ca\" \/>\n<meta property=\"og:locale\" content=\"es_ES\" \/>\n<meta property=\"og:type\" content=\"article\" \/>\n<meta property=\"og:title\" content=\"Industrial\" \/>\n<meta property=\"og:description\" content=\"Industrial Industrial Reformem i rehabilitem naus industrials, tant naus en brut de primera ocupaci\u00f3 que calgui habilitar per primer cop, com naus que hagin tingut usos en altres tipus de negocis i canvi\u00efn la seva activitat. Realitzem tot tipus d&#8217;actuacions que permetin adaptar i actualitzar aquests espais als nous requeriments, ja siguin funcionals, est\u00e8tics, o [&hellip;]\" \/>\n<meta property=\"og:url\" content=\"https:\/\/mibcon.es\/?page_id=1664&amp;lang=ca\" \/>\n<meta property=\"og:site_name\" content=\"MiBCON S.L.\" \/>\n<meta property=\"article:modified_time\" content=\"2021-02-25T20:27:51+00:00\" \/>\n<meta name=\"twitter:card\" content=\"summary_large_image\" \/>\n<meta name=\"twitter:label1\" content=\"Tiempo de lectura\" \/>\n\t<meta name=\"twitter:data1\" content=\"1 minuto\" \/>\n<script type=\"application\/ld+json\" class=\"yoast-schema-graph\">{\"@context\":\"https:\/\/schema.org\",\"@graph\":[{\"@type\":\"WebPage\",\"@id\":\"https:\/\/mibcon.es\/?page_id=1664&lang=ca\",\"url\":\"https:\/\/mibcon.es\/?page_id=1664&lang=ca\",\"name\":\"Industrial - MiBCON S.L.\",\"isPartOf\":{\"@id\":\"https:\/\/mibcon.es\/#website\"},\"datePublished\":\"2021-02-15T04:29:59+00:00\",\"dateModified\":\"2021-02-25T20:27:51+00:00\",\"breadcrumb\":{\"@id\":\"https:\/\/mibcon.es\/?page_id=1664&lang=ca#breadcrumb\"},\"inLanguage\":\"es\",\"potentialAction\":[{\"@type\":\"ReadAction\",\"target\":[\"https:\/\/mibcon.es\/?page_id=1664&lang=ca\"]}]},{\"@type\":\"BreadcrumbList\",\"@id\":\"https:\/\/mibcon.es\/?page_id=1664&lang=ca#breadcrumb\",\"itemListElement\":[{\"@type\":\"ListItem\",\"position\":1,\"name\":\"Home\",\"item\":\"https:\/\/mibcon.es\/\"},{\"@type\":\"ListItem\",\"position\":2,\"name\":\"Projectes\",\"item\":\"https:\/\/mibcon.es\/?page_id=1635&lang=ca\"},{\"@type\":\"ListItem\",\"position\":3,\"name\":\"Industrial\"}]},{\"@type\":\"WebSite\",\"@id\":\"https:\/\/mibcon.es\/#website\",\"url\":\"https:\/\/mibcon.es\/\",\"name\":\"MiBCON S.L.\",\"description\":\"Construcci\u00f3n y Rehabilitaci\u00f3n\",\"potentialAction\":[{\"@type\":\"SearchAction\",\"target\":{\"@type\":\"EntryPoint\",\"urlTemplate\":\"https:\/\/mibcon.es\/?s={search_term_string}\"},\"query-input\":\"required name=search_term_string\"}],\"inLanguage\":\"es\"}]}<\/script>\n<!-- \/ Yoast SEO Premium plugin. -->","yoast_head_json":{"title":"Industrial - MiBCON S.L.","robots":{"index":"index","follow":"follow","max-snippet":"max-snippet:-1","max-image-preview":"max-image-preview:large","max-video-preview":"max-video-preview:-1"},"canonical":"https:\/\/mibcon.es\/?page_id=1664&lang=ca","og_locale":"es_ES","og_type":"article","og_title":"Industrial","og_description":"Industrial Industrial Reformem i rehabilitem naus industrials, tant naus en brut de primera ocupaci\u00f3 que calgui habilitar per primer cop, com naus que hagin tingut usos en altres tipus de negocis i canvi\u00efn la seva activitat. Realitzem tot tipus d&#8217;actuacions que permetin adaptar i actualitzar aquests espais als nous requeriments, ja siguin funcionals, est\u00e8tics, o [&hellip;]","og_url":"https:\/\/mibcon.es\/?page_id=1664&lang=ca","og_site_name":"MiBCON S.L.","article_modified_time":"2021-02-25T20:27:51+00:00","twitter_card":"summary_large_image","twitter_misc":{"Tiempo de lectura":"1 minuto"},"schema":{"@context":"https:\/\/schema.org","@graph":[{"@type":"WebPage","@id":"https:\/\/mibcon.es\/?page_id=1664&lang=ca","url":"https:\/\/mibcon.es\/?page_id=1664&lang=ca","name":"Industrial - MiBCON S.L.","isPartOf":{"@id":"https:\/\/mibcon.es\/#website"},"datePublished":"2021-02-15T04:29:59+00:00","dateModified":"2021-02-25T20:27:51+00:00","breadcrumb":{"@id":"https:\/\/mibcon.es\/?page_id=1664&lang=ca#breadcrumb"},"inLanguage":"es","potentialAction":[{"@type":"ReadAction","target":["https:\/\/mibcon.es\/?page_id=1664&lang=ca"]}]},{"@type":"BreadcrumbList","@id":"https:\/\/mibcon.es\/?page_id=1664&lang=ca#breadcrumb","itemListElement":[{"@type":"ListItem","position":1,"name":"Home","item":"https:\/\/mibcon.es\/"},{"@type":"ListItem","position":2,"name":"Projectes","item":"https:\/\/mibcon.es\/?page_id=1635&lang=ca"},{"@type":"ListItem","position":3,"name":"Industrial"}]},{"@type":"WebSite","@id":"https:\/\/mibcon.es\/#website","url":"https:\/\/mibcon.es\/","name":"MiBCON S.L.","description":"Construcci\u00f3n y Rehabilitaci\u00f3n","potentialAction":[{"@type":"SearchAction","target":{"@type":"EntryPoint","urlTemplate":"https:\/\/mibcon.es\/?s={search_term_string}"},"query-input":"required name=search_term_string"}],"inLanguage":"es"}]}},"lang":"ca","translations":{"en":1378,"es":978,"ca":1664},"pll_sync_post":[],"_links":{"self":[{"href":"https:\/\/mibcon.es\/index.php?rest_route=\/wp\/v2\/pages\/1664","targetHints":{"allow":["GET"]}}],"collection":[{"href":"https:\/\/mibcon.es\/index.php?rest_route=\/wp\/v2\/pages"}],"about":[{"href":"https:\/\/mibcon.es\/index.php?rest_route=\/wp\/v2\/types\/page"}],"author":[{"embeddable":true,"href":"https:\/\/mibcon.es\/index.php?rest_route=\/wp\/v2\/users\/1"}],"replies":[{"embeddable":true,"href":"https:\/\/mibcon.es\/index.php?rest_route=%2Fwp%2Fv2%2Fcomments&post=1664"}],"version-history":[{"count":10,"href":"https:\/\/mibcon.es\/index.php?rest_route=\/wp\/v2\/pages\/1664\/revisions"}],"predecessor-version":[{"id":2558,"href":"https:\/\/mibcon.es\/index.php?rest_route=\/wp\/v2\/pages\/1664\/revisions\/2558"}],"up":[{"embeddable":true,"href":"https:\/\/mibcon.es\/index.php?rest_route=\/wp\/v2\/pages\/1635"}],"wp:attachment":[{"href":"https:\/\/mibcon.es\/index.php?rest_route=%2Fwp%2Fv2%2Fmedia&parent=1664"}],"curies":[{"name":"wp","href":"https:\/\/api.w.org\/{rel}","templated":true}]}}