{"id":1607,"date":"2021-02-15T03:57:22","date_gmt":"2021-02-15T03:57:22","guid":{"rendered":"https:\/\/mibcon.es\/?page_id=1607"},"modified":"2021-03-20T22:57:32","modified_gmt":"2021-03-20T22:57:32","slug":"equip","status":"publish","type":"page","link":"https:\/\/mibcon.es\/?page_id=1607&lang=ca","title":{"rendered":"Equip"},"content":{"rendered":"\t\t<div data-elementor-type=\"wp-page\" data-elementor-id=\"1607\" class=\"elementor elementor-1607\" data-elementor-settings=\"[]\">\n\t\t\t\t\t\t<div class=\"elementor-inner\">\n\t\t\t\t\t\t\t<div class=\"elementor-section-wrap\">\n\t\t\t\t\t\t\t<section class=\"elementor-section elementor-top-section elementor-element elementor-element-46860d69 elementor-section-boxed elementor-section-height-default elementor-section-height-default\" data-id=\"46860d69\" data-element_type=\"section\" data-settings=\"{&quot;background_background&quot;:&quot;classic&quot;}\">\n\t\t\t\t\t\t<div class=\"elementor-container elementor-column-gap-default\">\n\t\t\t\t\t\t\t<div class=\"elementor-row\">\n\t\t\t\t\t<div class=\"elementor-column elementor-col-100 elementor-top-column elementor-element elementor-element-31dfdad5\" data-id=\"31dfdad5\" data-element_type=\"column\" data-settings=\"{&quot;background_background&quot;:&quot;classic&quot;}\">\n\t\t\t<div class=\"elementor-column-wrap elementor-element-populated\">\n\t\t\t\t\t\t\t<div class=\"elementor-widget-wrap\">\n\t\t\t\t\t\t<section class=\"elementor-section elementor-inner-section elementor-element elementor-element-69f6f579 elementor-section-boxed elementor-section-height-default elementor-section-height-default\" data-id=\"69f6f579\" data-element_type=\"section\">\n\t\t\t\t\t\t<div class=\"elementor-container elementor-column-gap-default\">\n\t\t\t\t\t\t\t<div class=\"elementor-row\">\n\t\t\t\t\t<div class=\"elementor-column elementor-col-100 elementor-inner-column elementor-element elementor-element-8f5b57c\" data-id=\"8f5b57c\" data-element_type=\"column\">\n\t\t\t<div class=\"elementor-column-wrap elementor-element-populated\">\n\t\t\t\t\t\t\t<div class=\"elementor-widget-wrap\">\n\t\t\t\t\t\t<div class=\"elementor-element elementor-element-7b605a83 elementor-invisible elementor-widget elementor-widget-jet-headline\" data-id=\"7b605a83\" data-element_type=\"widget\" data-settings=\"{&quot;_animation&quot;:&quot;fadeInUp&quot;}\" data-widget_type=\"jet-headline.default\">\n\t\t\t\t<div class=\"elementor-widget-container\">\n\t\t\t<h1 class=\"jet-headline jet-headline--direction-horizontal\"><span class=\"jet-headline__part jet-headline__first\"><span class=\"jet-headline__label\">Equip <\/span><\/span><\/h1>\t\t<\/div>\n\t\t\t\t<\/div>\n\t\t\t\t\t\t<\/div>\n\t\t\t\t\t<\/div>\n\t\t<\/div>\n\t\t\t\t\t\t\t\t<\/div>\n\t\t\t\t\t<\/div>\n\t\t<\/section>\n\t\t\t\t\t\t<\/div>\n\t\t\t\t\t<\/div>\n\t\t<\/div>\n\t\t\t\t\t\t\t\t<\/div>\n\t\t\t\t\t<\/div>\n\t\t<\/section>\n\t\t\t\t<section class=\"elementor-section elementor-top-section elementor-element elementor-element-3013b5d2 elementor-section-boxed elementor-section-height-default elementor-section-height-default\" data-id=\"3013b5d2\" data-element_type=\"section\" id=\"seccion1\">\n\t\t\t\t\t\t<div class=\"elementor-container elementor-column-gap-default\">\n\t\t\t\t\t\t\t<div class=\"elementor-row\">\n\t\t\t\t\t<div class=\"elementor-column elementor-col-100 elementor-top-column elementor-element elementor-element-61cccaf3\" data-id=\"61cccaf3\" data-element_type=\"column\">\n\t\t\t<div class=\"elementor-column-wrap elementor-element-populated\">\n\t\t\t\t\t\t\t<div class=\"elementor-widget-wrap\">\n\t\t\t\t\t\t<section class=\"elementor-section elementor-inner-section elementor-element elementor-element-1d4f09ea elementor-section-boxed elementor-section-height-default elementor-section-height-default\" data-id=\"1d4f09ea\" data-element_type=\"section\">\n\t\t\t\t\t\t<div class=\"elementor-container elementor-column-gap-default\">\n\t\t\t\t\t\t\t<div class=\"elementor-row\">\n\t\t\t\t\t<div class=\"elementor-column elementor-col-33 elementor-inner-column elementor-element elementor-element-6569afdc\" data-id=\"6569afdc\" data-element_type=\"column\">\n\t\t\t<div class=\"elementor-column-wrap elementor-element-populated\">\n\t\t\t\t\t\t\t<div class=\"elementor-widget-wrap\">\n\t\t\t\t\t\t<div class=\"elementor-element elementor-element-388ced02 elementor-invisible elementor-widget elementor-widget-heading\" data-id=\"388ced02\" data-element_type=\"widget\" data-settings=\"{&quot;_animation&quot;:&quot;fadeInUp&quot;}\" data-widget_type=\"heading.default\">\n\t\t\t\t<div class=\"elementor-widget-container\">\n\t\t\t<h2 class=\"elementor-heading-title elementor-size-default\">Equip t\u00e8cnic<\/h2>\t\t<\/div>\n\t\t\t\t<\/div>\n\t\t\t\t<div class=\"elementor-element elementor-element-3f7fdd24 elementor-widget elementor-widget-text-editor\" data-id=\"3f7fdd24\" data-element_type=\"widget\" data-widget_type=\"text-editor.default\">\n\t\t\t\t<div class=\"elementor-widget-container\">\n\t\t\t\t\t<div class=\"elementor-text-editor elementor-clearfix\">Per a tot aix\u00f2 disposem d&#8217;un equip t\u00e8cnic multidisciplinari, altament qualificat i amb \u00e0mplia experi\u00e8ncia en el sector, format per: arquitectes, arquitectes t\u00e8cnics i enginyers. Apostem per la formaci\u00f3 continuada del nostre equip per poder afrontar els projectes de la manera m\u00e9s efica\u00e7.<\/div>\n\t\t\t\t<\/div>\n\t\t\t\t<\/div>\n\t\t\t\t\t\t<\/div>\n\t\t\t\t\t<\/div>\n\t\t<\/div>\n\t\t\t\t<div class=\"elementor-column elementor-col-33 elementor-inner-column elementor-element elementor-element-5717eee9\" data-id=\"5717eee9\" data-element_type=\"column\">\n\t\t\t<div class=\"elementor-column-wrap elementor-element-populated\">\n\t\t\t\t\t\t\t<div class=\"elementor-widget-wrap\">\n\t\t\t\t\t\t<div class=\"elementor-element elementor-element-1ab22ae7 elementor-invisible elementor-widget elementor-widget-heading\" data-id=\"1ab22ae7\" data-element_type=\"widget\" data-settings=\"{&quot;_animation&quot;:&quot;fadeInUp&quot;}\" data-widget_type=\"heading.default\">\n\t\t\t\t<div class=\"elementor-widget-container\">\n\t\t\t<h2 class=\"elementor-heading-title elementor-size-default\">M\u00e0 d'obra<\/h2>\t\t<\/div>\n\t\t\t\t<\/div>\n\t\t\t\t<div class=\"elementor-element elementor-element-4cb184d3 elementor-widget elementor-widget-text-editor\" data-id=\"4cb184d3\" data-element_type=\"widget\" data-widget_type=\"text-editor.default\">\n\t\t\t\t<div class=\"elementor-widget-container\">\n\t\t\t\t\t<div class=\"elementor-text-editor elementor-clearfix\">Tamb\u00e9 comptem amb una plantilla de m\u00e0 d&#8217;obra especialitzada amb els mitjans auxiliars i maquin\u00e0ria necessaris per al correcte desenvolupament de les obres. Disposem de col\u00b7laboradors habituals amb un alt grau de professionalitat i amb llarga traject\u00f2ria en el sector.<\/div>\n\t\t\t\t<\/div>\n\t\t\t\t<\/div>\n\t\t\t\t\t\t<\/div>\n\t\t\t\t\t<\/div>\n\t\t<\/div>\n\t\t\t\t<div class=\"elementor-column elementor-col-33 elementor-inner-column elementor-element elementor-element-74b3a329\" data-id=\"74b3a329\" data-element_type=\"column\">\n\t\t\t<div class=\"elementor-column-wrap elementor-element-populated\">\n\t\t\t\t\t\t\t<div class=\"elementor-widget-wrap\">\n\t\t\t\t\t\t<div class=\"elementor-element elementor-element-522d99c0 elementor-invisible elementor-widget elementor-widget-heading\" data-id=\"522d99c0\" data-element_type=\"widget\" data-settings=\"{&quot;_animation&quot;:&quot;fadeInUp&quot;}\" data-widget_type=\"heading.default\">\n\t\t\t\t<div class=\"elementor-widget-container\">\n\t\t\t<h2 class=\"elementor-heading-title elementor-size-default\">Taller de fusteria<\/h2>\t\t<\/div>\n\t\t\t\t<\/div>\n\t\t\t\t<div class=\"elementor-element elementor-element-6d6bdf16 elementor-widget elementor-widget-text-editor\" data-id=\"6d6bdf16\" data-element_type=\"widget\" data-widget_type=\"text-editor.default\">\n\t\t\t\t<div class=\"elementor-widget-container\">\n\t\t\t\t\t<div class=\"elementor-text-editor elementor-clearfix\">Aquest taller d&#8217;1.000m2 disposa de maquin\u00e0ria amb l&#8217;\u00faltima tecnologia que permet la realitzaci\u00f3 de treballs de gran complexitat. La nostra oficina t\u00e8cnica de fusteria s&#8217;encarrega d&#8217;estudiar els projectes, assessorar els clients i garantir l&#8217;\u00e8xit dels diferents processos des de la recepci\u00f3 del material al taller, fins a la fabricaci\u00f3 i el muntatge en obra.\nLa nostra fusteria tamb\u00e9 realitza treballs per a tercers com a interioristes, arquitectes o clients privats\n<\/div>\n\t\t\t\t<\/div>\n\t\t\t\t<\/div>\n\t\t\t\t\t\t<\/div>\n\t\t\t\t\t<\/div>\n\t\t<\/div>\n\t\t\t\t\t\t\t\t<\/div>\n\t\t\t\t\t<\/div>\n\t\t<\/section>\n\t\t\t\t\t\t<\/div>\n\t\t\t\t\t<\/div>\n\t\t<\/div>\n\t\t\t\t\t\t\t\t<\/div>\n\t\t\t\t\t<\/div>\n\t\t<\/section>\n\t\t\t\t\t\t<\/div>\n\t\t\t\t\t\t<\/div>\n\t\t\t\t\t<\/div>\n\t\t","protected":false},"excerpt":{"rendered":"<p>Equip Equip t\u00e8cnic Per a tot aix\u00f2 disposem d&#8217;un equip t\u00e8cnic multidisciplinari, altament qualificat i amb \u00e0mplia experi\u00e8ncia en el sector, format per: arquitectes, arquitectes t\u00e8cnics i enginyers. Apostem per la formaci\u00f3 continuada del nostre equip per poder afrontar els projectes de la manera m\u00e9s efica\u00e7. M\u00e0 d&#8217;obra Tamb\u00e9 comptem amb una plantilla de m\u00e0 [&hellip;]<\/p>\n","protected":false},"author":1,"featured_media":0,"parent":0,"menu_order":0,"comment_status":"closed","ping_status":"closed","template":"elementor_header_footer","meta":{"_monsterinsights_skip_tracking":false,"_monsterinsights_sitenote_active":false,"_monsterinsights_sitenote_note":"","_monsterinsights_sitenote_category":0,"footnotes":""},"class_list":["post-1607","page","type-page","status-publish","hentry"],"yoast_head":"<!-- This site is optimized with the Yoast SEO Premium plugin v22.9 (Yoast SEO v22.9) - https:\/\/yoast.com\/wordpress\/plugins\/seo\/ -->\n<title>Equip - MiBCON S.L.<\/title>\n<meta name=\"robots\" content=\"index, follow, max-snippet:-1, max-image-preview:large, max-video-preview:-1\" \/>\n<link rel=\"canonical\" href=\"https:\/\/mibcon.es\/?page_id=1607&lang=ca\" \/>\n<meta property=\"og:locale\" content=\"es_ES\" \/>\n<meta property=\"og:type\" content=\"article\" \/>\n<meta property=\"og:title\" content=\"Equip\" \/>\n<meta property=\"og:description\" content=\"Equip Equip t\u00e8cnic Per a tot aix\u00f2 disposem d&#8217;un equip t\u00e8cnic multidisciplinari, altament qualificat i amb \u00e0mplia experi\u00e8ncia en el sector, format per: arquitectes, arquitectes t\u00e8cnics i enginyers. Apostem per la formaci\u00f3 continuada del nostre equip per poder afrontar els projectes de la manera m\u00e9s efica\u00e7. M\u00e0 d&#8217;obra Tamb\u00e9 comptem amb una plantilla de m\u00e0 [&hellip;]\" \/>\n<meta property=\"og:url\" content=\"https:\/\/mibcon.es\/?page_id=1607&amp;lang=ca\" \/>\n<meta property=\"og:site_name\" content=\"MiBCON S.L.\" \/>\n<meta property=\"article:modified_time\" content=\"2021-03-20T22:57:32+00:00\" \/>\n<meta name=\"twitter:card\" content=\"summary_large_image\" \/>\n<meta name=\"twitter:label1\" content=\"Tiempo de lectura\" \/>\n\t<meta name=\"twitter:data1\" content=\"1 minuto\" \/>\n<script type=\"application\/ld+json\" class=\"yoast-schema-graph\">{\"@context\":\"https:\/\/schema.org\",\"@graph\":[{\"@type\":\"WebPage\",\"@id\":\"https:\/\/mibcon.es\/?page_id=1607&lang=ca\",\"url\":\"https:\/\/mibcon.es\/?page_id=1607&lang=ca\",\"name\":\"Equip - MiBCON S.L.\",\"isPartOf\":{\"@id\":\"https:\/\/mibcon.es\/#website\"},\"datePublished\":\"2021-02-15T03:57:22+00:00\",\"dateModified\":\"2021-03-20T22:57:32+00:00\",\"breadcrumb\":{\"@id\":\"https:\/\/mibcon.es\/?page_id=1607&lang=ca#breadcrumb\"},\"inLanguage\":\"es\",\"potentialAction\":[{\"@type\":\"ReadAction\",\"target\":[\"https:\/\/mibcon.es\/?page_id=1607&lang=ca\"]}]},{\"@type\":\"BreadcrumbList\",\"@id\":\"https:\/\/mibcon.es\/?page_id=1607&lang=ca#breadcrumb\",\"itemListElement\":[{\"@type\":\"ListItem\",\"position\":1,\"name\":\"Home\",\"item\":\"https:\/\/mibcon.es\/\"},{\"@type\":\"ListItem\",\"position\":2,\"name\":\"Equip\"}]},{\"@type\":\"WebSite\",\"@id\":\"https:\/\/mibcon.es\/#website\",\"url\":\"https:\/\/mibcon.es\/\",\"name\":\"MiBCON S.L.\",\"description\":\"Construcci\u00f3n y Rehabilitaci\u00f3n\",\"potentialAction\":[{\"@type\":\"SearchAction\",\"target\":{\"@type\":\"EntryPoint\",\"urlTemplate\":\"https:\/\/mibcon.es\/?s={search_term_string}\"},\"query-input\":\"required name=search_term_string\"}],\"inLanguage\":\"es\"}]}<\/script>\n<!-- \/ Yoast SEO Premium plugin. -->","yoast_head_json":{"title":"Equip - MiBCON S.L.","robots":{"index":"index","follow":"follow","max-snippet":"max-snippet:-1","max-image-preview":"max-image-preview:large","max-video-preview":"max-video-preview:-1"},"canonical":"https:\/\/mibcon.es\/?page_id=1607&lang=ca","og_locale":"es_ES","og_type":"article","og_title":"Equip","og_description":"Equip Equip t\u00e8cnic Per a tot aix\u00f2 disposem d&#8217;un equip t\u00e8cnic multidisciplinari, altament qualificat i amb \u00e0mplia experi\u00e8ncia en el sector, format per: arquitectes, arquitectes t\u00e8cnics i enginyers. Apostem per la formaci\u00f3 continuada del nostre equip per poder afrontar els projectes de la manera m\u00e9s efica\u00e7. M\u00e0 d&#8217;obra Tamb\u00e9 comptem amb una plantilla de m\u00e0 [&hellip;]","og_url":"https:\/\/mibcon.es\/?page_id=1607&lang=ca","og_site_name":"MiBCON S.L.","article_modified_time":"2021-03-20T22:57:32+00:00","twitter_card":"summary_large_image","twitter_misc":{"Tiempo de lectura":"1 minuto"},"schema":{"@context":"https:\/\/schema.org","@graph":[{"@type":"WebPage","@id":"https:\/\/mibcon.es\/?page_id=1607&lang=ca","url":"https:\/\/mibcon.es\/?page_id=1607&lang=ca","name":"Equip - MiBCON S.L.","isPartOf":{"@id":"https:\/\/mibcon.es\/#website"},"datePublished":"2021-02-15T03:57:22+00:00","dateModified":"2021-03-20T22:57:32+00:00","breadcrumb":{"@id":"https:\/\/mibcon.es\/?page_id=1607&lang=ca#breadcrumb"},"inLanguage":"es","potentialAction":[{"@type":"ReadAction","target":["https:\/\/mibcon.es\/?page_id=1607&lang=ca"]}]},{"@type":"BreadcrumbList","@id":"https:\/\/mibcon.es\/?page_id=1607&lang=ca#breadcrumb","itemListElement":[{"@type":"ListItem","position":1,"name":"Home","item":"https:\/\/mibcon.es\/"},{"@type":"ListItem","position":2,"name":"Equip"}]},{"@type":"WebSite","@id":"https:\/\/mibcon.es\/#website","url":"https:\/\/mibcon.es\/","name":"MiBCON S.L.","description":"Construcci\u00f3n y Rehabilitaci\u00f3n","potentialAction":[{"@type":"SearchAction","target":{"@type":"EntryPoint","urlTemplate":"https:\/\/mibcon.es\/?s={search_term_string}"},"query-input":"required name=search_term_string"}],"inLanguage":"es"}]}},"lang":"ca","translations":{"ca":1607,"en":1362,"es":162},"pll_sync_post":[],"_links":{"self":[{"href":"https:\/\/mibcon.es\/index.php?rest_route=\/wp\/v2\/pages\/1607","targetHints":{"allow":["GET"]}}],"collection":[{"href":"https:\/\/mibcon.es\/index.php?rest_route=\/wp\/v2\/pages"}],"about":[{"href":"https:\/\/mibcon.es\/index.php?rest_route=\/wp\/v2\/types\/page"}],"author":[{"embeddable":true,"href":"https:\/\/mibcon.es\/index.php?rest_route=\/wp\/v2\/users\/1"}],"replies":[{"embeddable":true,"href":"https:\/\/mibcon.es\/index.php?rest_route=%2Fwp%2Fv2%2Fcomments&post=1607"}],"version-history":[{"count":8,"href":"https:\/\/mibcon.es\/index.php?rest_route=\/wp\/v2\/pages\/1607\/revisions"}],"predecessor-version":[{"id":2666,"href":"https:\/\/mibcon.es\/index.php?rest_route=\/wp\/v2\/pages\/1607\/revisions\/2666"}],"wp:attachment":[{"href":"https:\/\/mibcon.es\/index.php?rest_route=%2Fwp%2Fv2%2Fmedia&parent=1607"}],"curies":[{"name":"wp","href":"https:\/\/api.w.org\/{rel}","templated":true}]}}